{"id":47,"date":"2021-09-20T19:23:20","date_gmt":"2021-09-20T19:23:20","guid":{"rendered":"http:\/\/sugaroase.ch\/?page_id=47"},"modified":"2026-03-08T20:44:03","modified_gmt":"2026-03-08T20:44:03","slug":"bigis-sugar-oase","status":"publish","type":"page","link":"http:\/\/sugaroase.ch\/","title":{"rendered":"Bigis Sugar Oase"},"content":{"rendered":"\t\t<div data-elementor-type=\"wp-page\" data-elementor-id=\"47\" class=\"elementor elementor-47\" data-elementor-settings=\"[]\">\n\t\t\t\t\t\t\t<div class=\"elementor-section-wrap\">\n\t\t\t\t\t\t\t<section class=\"elementor-section elementor-top-section elementor-element elementor-element-3628fd9f elementor-section-boxed elementor-section-height-default elementor-section-height-default\" data-id=\"3628fd9f\" data-element_type=\"section\">\n\t\t\t\t\t\t<div class=\"elementor-container elementor-column-gap-default\">\n\t\t\t\t\t<div class=\"elementor-column elementor-col-100 elementor-top-column elementor-element elementor-element-21abff8f\" data-id=\"21abff8f\" data-element_type=\"column\">\n\t\t\t<div class=\"elementor-widget-wrap elementor-element-populated\">\n\t\t\t\t\t\t\t\t<div class=\"elementor-element elementor-element-16cfcfbe elementor-widget elementor-widget-text-editor\" data-id=\"16cfcfbe\" data-element_type=\"widget\" data-widget_type=\"text-editor.default\">\n\t\t\t\t<div class=\"elementor-widget-container\">\n\t\t\t\t\t\t\t\t<!-- wp:cover {\"url\":\"http:\/\/sugaroase.ch\/wp-content\/uploads\/2021\/09\/Bigis_Sugar_Oase_Alterswilen_Haarentfernung_2-1024x683.jpg\",\"id\":17,\"overlayColor\":\"nv-dark-bg\",\"minHeight\":421,\"minHeightUnit\":\"px\",\"style\":{\"color\":{}}} -->\n<div class=\"wp-block-cover has-nv-dark-bg-background-color has-background-dim\" style=\"min-height: 421px;\"><img loading=\"lazy\" decoding=\"async\" width=\"1024\" height=\"683\" class=\"wp-block-cover__image-background wp-image-17\" src=\"http:\/\/sugaroase.ch\/wp-content\/uploads\/2021\/09\/Bigis_Sugar_Oase_Alterswilen_Haarentfernung_2-1024x683.jpg\" alt=\"\" data-object-fit=\"cover\" srcset=\"http:\/\/sugaroase.ch\/wp-content\/uploads\/2021\/09\/Bigis_Sugar_Oase_Alterswilen_Haarentfernung_2-1024x683.jpg 1024w, http:\/\/sugaroase.ch\/wp-content\/uploads\/2021\/09\/Bigis_Sugar_Oase_Alterswilen_Haarentfernung_2-300x200.jpg 300w, http:\/\/sugaroase.ch\/wp-content\/uploads\/2021\/09\/Bigis_Sugar_Oase_Alterswilen_Haarentfernung_2-768x512.jpg 768w, http:\/\/sugaroase.ch\/wp-content\/uploads\/2021\/09\/Bigis_Sugar_Oase_Alterswilen_Haarentfernung_2.jpg 1200w\" sizes=\"auto, (max-width: 1024px) 100vw, 1024px\" \/>\n<div class=\"wp-block-cover__inner-container\"><!-- wp:heading {\"textAlign\":\"center\",\"textColor\":\"neve-link-hover-color\"} -->\n<h2 class=\"has-text-align-center has-neve-link-hover-color-color has-text-color\">Haarentfernung auf nat\u00fcrliche Art<\/h2>\n<!-- \/wp:heading -->\n\n<!-- wp:paragraph {\"align\":\"center\"} -->\n<p class=\"has-text-align-center\">Bigi Koller | Am Bach 4b | 8573 Alterswilen<\/p>\n<!-- \/wp:paragraph --><\/div>\n<\/div>\n<!-- \/wp:cover -->\n<p>&nbsp;<\/p>\n<!-- wp:cover {\"overlayColor\":\"neve-link-color\",\"minHeight\":393,\"minHeightUnit\":\"px\",\"contentPosition\":\"center center\"} -->\n<div class=\"wp-block-cover has-neve-link-color-background-color has-background-dim\" style=\"min-height: 393px;\">\n<div class=\"wp-block-cover__inner-container\"><!-- wp:heading {\"textAlign\":\"center\",\"level\":4,\"textColor\":\"nv-site-bg\"} -->\n<h4 class=\"has-text-align-center has-nv-site-bg-color has-text-color\">Erfahren Sie mehr \u00fcber die orientalische Art <br \/>der Haarentfernung \u2013 auf ganz nat\u00fcrliche Weise.<\/h4>\n<!-- \/wp:heading -->\n\n<!-- wp:paragraph {\"align\":\"center\"} -->\n<p class=\"has-text-align-center\">Falls Sie Fragen haben oder unsicher sind, d\u00fcrfen Sie mich gerne jederzeit kontaktieren.<br \/>Es ist mir ein grosses Anliegen, f\u00fcr jede Kundin und jeden Kunden gen\u00fcgend Zeit zu haben. <br \/>Die Entspannung ist f\u00fcr mich ein wichtiger Bestandteil der Haarentfernung.<\/p>\n<!-- \/wp:paragraph -->\n\n<!-- wp:paragraph {\"align\":\"center\"} -->\n<p class=\"has-text-align-center\">Ich freue mich auf Ihren Besuch.<br \/>Bigi Koller<\/p>\n<!-- \/wp:paragraph --><\/div>\n<\/div>\n<!-- \/wp:cover -->\n\n<!-- wp:paragraph -->\n<p>&nbsp;<\/p>\n<!-- \/wp:paragraph -->\n\n<!-- wp:heading {\"textAlign\":\"center\",\"level\":1,\"textColor\":\"neve-link-hover-color\"} -->\n<h1 class=\"has-text-align-center has-neve-link-hover-color-color has-text-color\">Preise<\/h1>\n<!-- \/wp:heading -->\n\n<!-- wp:paragraph {\"align\":\"center\"} -->\n<p class=\"has-text-align-center\">Preisentwicklung richtet sich nach Aufwand.<\/p>\n<p class=\"has-text-align-center\">Zum Beispiel:<\/p>\n<p class=\"has-text-align-center\"><strong>Damen<\/strong><\/p>\n<p class=\"has-text-align-center\">Achseln und halbe Beine ab CHF 70.\u2013<\/p>\n<p class=\"has-text-align-center\">Achseln, halbe Beine und Bikinizone ab CHF 90.\u2013<\/p>\n<p class=\"has-text-align-center\"><strong>Herren<\/strong><\/p>\n<p class=\"has-text-align-center\">R\u00fccken ganz ab CHF 80.\u2013<\/p>\n<p class=\"has-text-align-center\">Bezahlen k\u00f6nnen Sie bar oder mit Twint.<\/p>\n<!-- \/wp:paragraph -->\n\n<!-- wp:paragraph -->\n<p>&nbsp;<\/p>\n<!-- \/wp:paragraph -->\n<!-- wp:cover {\"overlayColor\":\"neve-link-color\",\"minHeight\":193,\"minHeightUnit\":\"px\",\"contentPosition\":\"center center\"} -->\n<div class=\"wp-block-cover has-neve-link-color-background-color has-background-dim\" style=\"min-height: 293px;\">\n<div class=\"wp-block-cover__inner-container\"><!-- wp:heading {\"textAlign\":\"center\",\"level\":4,\"textColor\":\"nv-site-bg\"} -->\n<h4 class=\"has-text-align-center has-nv-site-bg-color has-text-color\">Termine<\/h4>\n<!-- \/wp:heading -->\n\n<!-- wp:paragraph {\"align\":\"center\"} -->\n<p class=\"has-text-align-center\">Termine nach Vereinbarung per Whatsapp\/Nachricht:<\/p>\n<p class=\"has-text-align-center\"><strong>076 340 29 83<\/strong><\/p>\n<p class=\"has-text-align-center\">Bei Verhinderung bitte 48 h im Voraus abmelden.<\/p>\n<!-- \/wp:paragraph --><\/div>\n<\/div>\n<!-- wp:heading {\"textAlign\":\"left\"} -->\n<div class=\"wp-block-columns\">\n<div class=\"wp-block-column\" style=\"flex-basis: 100%;\">\n<div class=\"wp-block-columns\">\n<div class=\"wp-block-column\">\u00a0<\/div>\n<!-- \/wp:column -->\n\n<!-- wp:column -->\n<div class=\"wp-block-column\">\u00a0<\/div>\n<!-- \/wp:column --><\/div>\n<!-- \/wp:columns --><\/div>\n<!-- \/wp:column --><\/div>\n<!-- \/wp:columns -->\n\n<!-- wp:jetpack\/tiled-gallery {\"columnWidths\":[[\"26.48744\",\"47.02512\",\"26.48744\"],[\"28.05749\",\"15.82752\",\"28.05749\",\"28.05749\"]],\"ids\":[103,100,107,117,104,120,122]} -->\n<div class=\"wp-block-jetpack-tiled-gallery aligncenter is-style-rectangular\">\n<div class=\"tiled-gallery__gallery\">\n<div class=\"tiled-gallery__row\">\n<div class=\"tiled-gallery__col\" style=\"flex-basis: 26.48744%;\">\n<figure class=\"tiled-gallery__item\"><img decoding=\"async\" src=\"https:\/\/i0.wp.com\/sugaroase.ch\/wp-content\/uploads\/2021\/10\/Unknown-6.jpeg\" alt=\"\" data-height=\"2304\" data-id=\"103\" data-link=\"http:\/\/sugaroase.ch\/index.php\/bigis-sugar-oase\/unknown-6\/\" data-url=\"http:\/\/sugaroase.ch\/wp-content\/uploads\/2021\/10\/Unknown-6.jpeg\" data-width=\"1728\" data-amp-layout=\"responsive\" \/><\/figure>\n<\/div>\n<div class=\"tiled-gallery__col\" style=\"flex-basis: 47.02512%;\">\n<figure class=\"tiled-gallery__item\"><img decoding=\"async\" src=\"https:\/\/i2.wp.com\/sugaroase.ch\/wp-content\/uploads\/2021\/10\/Unknown-3.jpeg\" alt=\"\" data-height=\"1728\" data-id=\"100\" data-link=\"http:\/\/sugaroase.ch\/index.php\/bigis-sugar-oase\/unknown-3\/\" data-url=\"http:\/\/sugaroase.ch\/wp-content\/uploads\/2021\/10\/Unknown-3.jpeg\" data-width=\"2304\" data-amp-layout=\"responsive\" \/><\/figure>\n<\/div>\n<div class=\"tiled-gallery__col\" style=\"flex-basis: 26.48744%;\">\n<figure class=\"tiled-gallery__item\"><img decoding=\"async\" src=\"https:\/\/i1.wp.com\/sugaroase.ch\/wp-content\/uploads\/2021\/10\/Unknown-10.jpeg\" alt=\"\" data-height=\"2304\" data-id=\"107\" data-link=\"http:\/\/sugaroase.ch\/index.php\/bigis-sugar-oase\/unknown-10\/\" data-url=\"http:\/\/sugaroase.ch\/wp-content\/uploads\/2021\/10\/Unknown-10.jpeg\" data-width=\"1728\" data-amp-layout=\"responsive\" \/><\/figure>\n<\/div>\n<\/div>\n<div class=\"tiled-gallery__row\">\n<div class=\"tiled-gallery__col\" style=\"flex-basis: 28.05749%;\">\n<figure class=\"tiled-gallery__item\"><img decoding=\"async\" src=\"https:\/\/i0.wp.com\/sugaroase.ch\/wp-content\/uploads\/2021\/10\/Unknown-8-1.jpeg\" alt=\"\" data-height=\"1728\" data-id=\"117\" data-link=\"http:\/\/sugaroase.ch\/index.php\/bigis-sugar-oase\/unknown-8-1\/\" data-url=\"http:\/\/sugaroase.ch\/wp-content\/uploads\/2021\/10\/Unknown-8-1.jpeg\" data-width=\"2304\" data-amp-layout=\"responsive\" \/><\/figure>\n<\/div>\n<div class=\"tiled-gallery__col\" style=\"flex-basis: 15.82752%;\">\n<figure class=\"tiled-gallery__item\"><img decoding=\"async\" src=\"https:\/\/i2.wp.com\/sugaroase.ch\/wp-content\/uploads\/2021\/10\/Unknown-7.jpeg\" alt=\"\" data-height=\"2304\" data-id=\"104\" data-link=\"http:\/\/sugaroase.ch\/index.php\/bigis-sugar-oase\/unknown-7\/\" data-url=\"http:\/\/sugaroase.ch\/wp-content\/uploads\/2021\/10\/Unknown-7.jpeg\" data-width=\"1728\" data-amp-layout=\"responsive\" \/><\/figure>\n<\/div>\n<div class=\"tiled-gallery__col\" style=\"flex-basis: 28.05749%;\">\n<figure class=\"tiled-gallery__item\"><img decoding=\"async\" src=\"https:\/\/i0.wp.com\/sugaroase.ch\/wp-content\/uploads\/2021\/10\/Unknown-5-1.jpeg\" alt=\"\" data-height=\"1728\" data-id=\"120\" data-link=\"http:\/\/sugaroase.ch\/index.php\/bigis-sugar-oase\/unknown-5-1\/\" data-url=\"http:\/\/sugaroase.ch\/wp-content\/uploads\/2021\/10\/Unknown-5-1.jpeg\" data-width=\"2304\" data-amp-layout=\"responsive\" \/><\/figure>\n<\/div>\n<div class=\"tiled-gallery__col\" style=\"flex-basis: 28.05749%;\">\n<figure class=\"tiled-gallery__item\"><img decoding=\"async\" src=\"https:\/\/i0.wp.com\/sugaroase.ch\/wp-content\/uploads\/2021\/10\/Unknown-3-1.jpeg\" alt=\"\" data-height=\"1728\" data-id=\"122\" data-link=\"http:\/\/sugaroase.ch\/index.php\/bigis-sugar-oase\/unknown-3-1\/\" data-url=\"http:\/\/sugaroase.ch\/wp-content\/uploads\/2021\/10\/Unknown-3-1.jpeg\" data-width=\"2304\" data-amp-layout=\"responsive\" \/><\/figure>\n<\/div>\n<\/div>\n<\/div>\n<\/div>\n<!-- \/wp:jetpack\/tiled-gallery -->\n\n<!-- wp:cover {\"overlayColor\":\"neve-link-color\",\"minHeight\":393,\"minHeightUnit\":\"px\",\"contentPosition\":\"center center\"} -->\n<div class=\"wp-block-cover has-neve-link-color-background-color has-background-dim\" style=\"min-height: 393px;\">\n<div class=\"wp-block-cover__inner-container\"><!-- wp:heading {\"textAlign\":\"center\",\"level\":4,\"textColor\":\"nv-site-bg\"} -->\n<h4 class=\"has-text-align-center has-nv-site-bg-color has-text-color\">\u00dcber mich<\/h4>\n<!-- \/wp:heading -->\n\n<!-- wp:paragraph {\"align\":\"center\"} -->\n<p class=\"has-text-align-center\">Seit \u00fcber 30 Jahren lebe ich zusammen mit meinem Mann in Alterswilen.<br \/>Unsere beiden Kinder sind erwachsen und wir sind stolze Grosseltern von zwei Buben.<\/p>\n<!-- \/wp:paragraph -->\n\n<!-- wp:paragraph {\"align\":\"center\"} -->\n<p class=\"has-text-align-center\">Da ich durch ein R\u00fcckenleiden meinen Beruf als Pflegefachfrau aufgeben musste, <br \/>war ich auf der Suche nach einer T\u00e4tigkeit, die den Kontakt mit Menschen beinhaltet, <br \/>ich aktiv etwas zum Wohle meiner Kundinnen und Kunden beitragen sowie meine Arbeitszeit selber einteilen kann.<br \/>Durch einen Zufall lernte ich Sugaring kennen und war sofort begeistert!<br \/>Im Jahr 2013 schloss ich meine Ausbildung als Shabadora erfolgreich ab <br \/>und arbeite seither mit grosser Freude in meinem eigenen kleinen Studio.<\/p>\n<!-- \/wp:paragraph -->\n\n<!-- wp:paragraph {\"align\":\"center\"} -->\n<p class=\"has-text-align-center\">Bigi Koller<\/p>\n<!-- \/wp:paragraph --><\/div>\n<\/div>\n<!-- \/wp:cover -->\t\t\t\t\t\t<\/div>\n\t\t\t\t<\/div>\n\t\t\t\t\t<\/div>\n\t\t<\/div>\n\t\t\t\t\t\t\t<\/div>\n\t\t<\/section>\n\t\t\t\t<section class=\"elementor-section elementor-top-section elementor-element elementor-element-1b596f8 elementor-section-boxed elementor-section-height-default elementor-section-height-default\" data-id=\"1b596f8\" data-element_type=\"section\">\n\t\t\t\t\t\t<div class=\"elementor-container elementor-column-gap-default\">\n\t\t\t\t\t<div class=\"elementor-column elementor-col-100 elementor-top-column elementor-element elementor-element-fd9a8d7\" data-id=\"fd9a8d7\" data-element_type=\"column\">\n\t\t\t<div class=\"elementor-widget-wrap elementor-element-populated\">\n\t\t\t\t\t\t\t\t<div class=\"elementor-element elementor-element-40c4cf3 elementor-widget elementor-widget-text-editor\" data-id=\"40c4cf3\" data-element_type=\"widget\" data-widget_type=\"text-editor.default\">\n\t\t\t\t<div class=\"elementor-widget-container\">\n\t\t\t\t\t\t\t\t<!-- wp:cover {\"overlayColor\":\"neve-link-color\",\"minHeight\":193,\"minHeightUnit\":\"px\",\"contentPosition\":\"center center\"} -->\n<div class=\"wp-block-cover has-neve-link-color-background-color has-background-dim\" style=\"min-height: 293px;\">\n<div class=\"wp-block-cover__inner-container\"><!-- wp:heading {\"textAlign\":\"center\",\"level\":4,\"textColor\":\"nv-site-bg\"} -->\n<h4 class=\"has-text-align-center has-nv-site-bg-color has-text-color\">Termine<\/h4>\n<!-- \/wp:heading --><!-- wp:paragraph {\"align\":\"center\"} -->\n<p class=\"has-text-align-center\">Termine nach Vereinbarung per Whatsapp\/Nachricht:<\/p>\n<p class=\"has-text-align-center\"><strong>076 340 29 83<\/strong><\/p>\n<p class=\"has-text-align-center\">Bei Verhinderung bitte 48 h im Voraus abmelden.<\/p>\n<!-- \/wp:paragraph --><\/div>\n<\/div>\t\t\t\t\t\t<\/div>\n\t\t\t\t<\/div>\n\t\t\t\t\t<\/div>\n\t\t<\/div>\n\t\t\t\t\t\t\t<\/div>\n\t\t<\/section>\n\t\t\t\t\t\t<\/div>\n\t\t\t\t\t<\/div>\n\t\t","protected":false},"excerpt":{"rendered":"<p>&nbsp; &nbsp; Preise Preisentwicklung richtet sich nach Aufwand. Zum Beispiel: Damen Achseln und halbe Beine ab CHF 70.\u2013 Achseln, halbe Beine und Bikinizone ab CHF 90.\u2013 Herren R\u00fccken ganz ab CHF 80.\u2013 Bezahlen k\u00f6nnen Sie bar oder mit Twint. &nbsp; \u00dcber mich Seit \u00fcber 30 Jahren lebe ich zusammen mit meinem Mann in Alterswilen.Unsere beiden&hellip;&nbsp;<a href=\"http:\/\/sugaroase.ch\/\" class=\"\" rel=\"bookmark\">Weiterlesen &raquo;<span class=\"screen-reader-text\">Bigis Sugar Oase<\/span><\/a><\/p>\n","protected":false},"author":1,"featured_media":0,"parent":0,"menu_order":0,"comment_status":"closed","ping_status":"closed","template":"","meta":{"neve_meta_sidebar":"full-width","neve_meta_container":"","neve_meta_enable_content_width":"on","neve_meta_content_width":100,"neve_meta_title_alignment":"","neve_meta_author_avatar":"","neve_post_elements_order":"","neve_meta_disable_header":"","neve_meta_disable_footer":"","neve_meta_disable_title":"","_ti_tpc_template_sync":false,"_ti_tpc_template_id":"","spay_email":"","footnotes":""},"class_list":["post-47","page","type-page","status-publish","hentry"],"_links":{"self":[{"href":"http:\/\/sugaroase.ch\/index.php\/wp-json\/wp\/v2\/pages\/47","targetHints":{"allow":["GET"]}}],"collection":[{"href":"http:\/\/sugaroase.ch\/index.php\/wp-json\/wp\/v2\/pages"}],"about":[{"href":"http:\/\/sugaroase.ch\/index.php\/wp-json\/wp\/v2\/types\/page"}],"author":[{"embeddable":true,"href":"http:\/\/sugaroase.ch\/index.php\/wp-json\/wp\/v2\/users\/1"}],"replies":[{"embeddable":true,"href":"http:\/\/sugaroase.ch\/index.php\/wp-json\/wp\/v2\/comments?post=47"}],"version-history":[{"count":38,"href":"http:\/\/sugaroase.ch\/index.php\/wp-json\/wp\/v2\/pages\/47\/revisions"}],"predecessor-version":[{"id":148,"href":"http:\/\/sugaroase.ch\/index.php\/wp-json\/wp\/v2\/pages\/47\/revisions\/148"}],"wp:attachment":[{"href":"http:\/\/sugaroase.ch\/index.php\/wp-json\/wp\/v2\/media?parent=47"}],"curies":[{"name":"wp","href":"https:\/\/api.w.org\/{rel}","templated":true}]}}